{"id":1855,"date":"2024-02-28T20:15:51","date_gmt":"2024-02-28T19:15:51","guid":{"rendered":"https:\/\/www.fenetresaltek.ca\/careers\/terrebonne\/directeur-des-ventes\/"},"modified":"2024-10-21T18:54:23","modified_gmt":"2024-10-21T16:54:23","slug":"directeur-des-ventes","status":"publish","type":"page","link":"https:\/\/www.fenetresaltek.ca\/en\/careers\/terrebonne\/directeur-des-ventes\/","title":{"rendered":"Directeur \/ directrice des ventes"},"content":{"rendered":"Le directeur(rice) des ventes aura sous sa responsabilit\u00e9 les repr\u00e9sentants des ventes ainsi  que l\u2019\u00e9quipe de soutien aux ventes et l\u2019\u00e9quipe d\u2019estimation. Altek \u00e9tant en pleine expansion et acquisition, le r\u00f4le de la personne recherch\u00e9e sera d\u2019uniformiser et de propulser la marque et ses banni\u00e8res comme \u00e9tant un incontournable pour les entrepreneurs.","protected":false},"excerpt":{"rendered":"<p>Le directeur(rice) des ventes aura sous sa responsabilit\u00e9 les repr\u00e9sentants des ventes ainsi que l\u2019\u00e9quipe de soutien aux ventes et l\u2019\u00e9quipe d\u2019estimation. Altek \u00e9tant en pleine expansion et acquisition, le r\u00f4le de la personne recherch\u00e9e sera d\u2019uniformiser et de propulser la marque et ses banni\u00e8res comme \u00e9tant un incontournable pour les entrepreneurs.<\/p>\n","protected":false},"author":2,"featured_media":1799,"parent":405,"menu_order":1,"comment_status":"closed","ping_status":"closed","template":"page-offre-emploi.php","meta":[],"categories":[],"yoast_head":"<!-- This site is optimized with the Yoast SEO plugin v19.8 - https:\/\/yoast.com\/wordpress\/plugins\/seo\/ -->\n<title>Offre d&#039;emploi - Directeur \/ directrice des ventes - Altek portes et fen\u00eatres<\/title>\n<meta name=\"description\" content=\"Altek \u00e9tant en pleine expansion et acquisition, le r\u00f4le de la personne recherch\u00e9e sera d\u2019uniformiser et de propulser la marque et ses banni\u00e8res comme \u00e9tant un incontournable pour les entrepreneurs.\" \/>\n<meta name=\"robots\" content=\"index, follow, max-snippet:-1, max-image-preview:large, max-video-preview:-1\" \/>\n<link rel=\"canonical\" href=\"https:\/\/www.fenetresaltek.ca\/en\/careers\/terrebonne\/directeur-des-ventes\/\" \/>\n<meta property=\"og:locale\" content=\"en_US\" \/>\n<meta property=\"og:type\" content=\"article\" \/>\n<meta property=\"og:title\" content=\"Offre d&#039;emploi - Directeur \/ directrice des ventes - Altek portes et fen\u00eatres\" \/>\n<meta property=\"og:description\" content=\"Altek \u00e9tant en pleine expansion et acquisition, le r\u00f4le de la personne recherch\u00e9e sera d\u2019uniformiser et de propulser la marque et ses banni\u00e8res comme \u00e9tant un incontournable pour les entrepreneurs.\" \/>\n<meta property=\"og:url\" content=\"https:\/\/www.fenetresaltek.ca\/en\/careers\/terrebonne\/directeur-des-ventes\/\" \/>\n<meta property=\"og:site_name\" content=\"Altek\" \/>\n<meta property=\"article:modified_time\" content=\"2024-10-21T16:54:23+00:00\" \/>\n<meta name=\"twitter:card\" content=\"summary_large_image\" \/>\n<meta name=\"twitter:label1\" content=\"Est. reading time\" \/>\n\t<meta name=\"twitter:data1\" content=\"1 minute\" \/>\n<script type=\"application\/ld+json\" class=\"yoast-schema-graph\">{\"@context\":\"https:\/\/schema.org\",\"@graph\":[{\"@type\":\"WebPage\",\"@id\":\"https:\/\/www.fenetresaltek.ca\/en\/careers\/terrebonne\/directeur-des-ventes\/\",\"url\":\"https:\/\/www.fenetresaltek.ca\/en\/careers\/terrebonne\/directeur-des-ventes\/\",\"name\":\"Offre d'emploi - Directeur \/ directrice des ventes - Altek portes et fen\u00eatres\",\"isPartOf\":{\"@id\":\"https:\/\/www.fenetresaltek.ca\/en\/#website\"},\"datePublished\":\"2024-02-28T19:15:51+00:00\",\"dateModified\":\"2024-10-21T16:54:23+00:00\",\"description\":\"Altek \u00e9tant en pleine expansion et acquisition, le r\u00f4le de la personne recherch\u00e9e sera d\u2019uniformiser et de propulser la marque et ses banni\u00e8res comme \u00e9tant un incontournable pour les entrepreneurs.\",\"breadcrumb\":{\"@id\":\"https:\/\/www.fenetresaltek.ca\/en\/careers\/terrebonne\/directeur-des-ventes\/#breadcrumb\"},\"inLanguage\":\"en-US\",\"potentialAction\":[{\"@type\":\"ReadAction\",\"target\":[\"https:\/\/www.fenetresaltek.ca\/en\/careers\/terrebonne\/directeur-des-ventes\/\"]}]},{\"@type\":\"BreadcrumbList\",\"@id\":\"https:\/\/www.fenetresaltek.ca\/en\/careers\/terrebonne\/directeur-des-ventes\/#breadcrumb\",\"itemListElement\":[{\"@type\":\"ListItem\",\"position\":1,\"name\":\"Accueil\",\"item\":\"https:\/\/www.fenetresaltek.ca\/en\/accueil-revamp\/\"},{\"@type\":\"ListItem\",\"position\":2,\"name\":\"Careers\",\"item\":\"https:\/\/www.fenetresaltek.ca\/en\/careers\/\"},{\"@type\":\"ListItem\",\"position\":3,\"name\":\"Terrebonne\",\"item\":\"https:\/\/www.fenetresaltek.ca\/en\/careers\/terrebonne\/\"},{\"@type\":\"ListItem\",\"position\":4,\"name\":\"Directeur \/ directrice des ventes\"}]},{\"@type\":\"WebSite\",\"@id\":\"https:\/\/www.fenetresaltek.ca\/en\/#website\",\"url\":\"https:\/\/www.fenetresaltek.ca\/en\/\",\"name\":\"Altek\",\"description\":\"\",\"publisher\":{\"@id\":\"https:\/\/www.fenetresaltek.ca\/en\/#organization\"},\"potentialAction\":[{\"@type\":\"SearchAction\",\"target\":{\"@type\":\"EntryPoint\",\"urlTemplate\":\"https:\/\/www.fenetresaltek.ca\/en\/?s={search_term_string}\"},\"query-input\":\"required name=search_term_string\"}],\"inLanguage\":\"en-US\"},{\"@type\":\"Organization\",\"@id\":\"https:\/\/www.fenetresaltek.ca\/en\/#organization\",\"name\":\"Altek portes et fen\u00eatres\",\"url\":\"https:\/\/www.fenetresaltek.ca\/en\/\",\"sameAs\":[],\"logo\":{\"@type\":\"ImageObject\",\"inLanguage\":\"en-US\",\"@id\":\"https:\/\/www.fenetresaltek.ca\/en\/#\/schema\/logo\/image\/\",\"url\":\"https:\/\/www.fenetresaltek.ca\/wp-content\/uploads\/2023\/06\/Logo-Altek_Portes-et-fenetres.png\",\"contentUrl\":\"https:\/\/www.fenetresaltek.ca\/wp-content\/uploads\/2023\/06\/Logo-Altek_Portes-et-fenetres.png\",\"width\":1500,\"height\":750,\"caption\":\"Altek portes et fen\u00eatres\"},\"image\":{\"@id\":\"https:\/\/www.fenetresaltek.ca\/en\/#\/schema\/logo\/image\/\"}}]}<\/script>\n<!-- \/ Yoast SEO plugin. -->","yoast_head_json":{"title":"Offre d'emploi - Directeur \/ directrice des ventes - Altek portes et fen\u00eatres","description":"Altek \u00e9tant en pleine expansion et acquisition, le r\u00f4le de la personne recherch\u00e9e sera d\u2019uniformiser et de propulser la marque et ses banni\u00e8res comme \u00e9tant un incontournable pour les entrepreneurs.","robots":{"index":"index","follow":"follow","max-snippet":"max-snippet:-1","max-image-preview":"max-image-preview:large","max-video-preview":"max-video-preview:-1"},"canonical":"https:\/\/www.fenetresaltek.ca\/en\/careers\/terrebonne\/directeur-des-ventes\/","og_locale":"en_US","og_type":"article","og_title":"Offre d'emploi - Directeur \/ directrice des ventes - Altek portes et fen\u00eatres","og_description":"Altek \u00e9tant en pleine expansion et acquisition, le r\u00f4le de la personne recherch\u00e9e sera d\u2019uniformiser et de propulser la marque et ses banni\u00e8res comme \u00e9tant un incontournable pour les entrepreneurs.","og_url":"https:\/\/www.fenetresaltek.ca\/en\/careers\/terrebonne\/directeur-des-ventes\/","og_site_name":"Altek","article_modified_time":"2024-10-21T16:54:23+00:00","twitter_card":"summary_large_image","twitter_misc":{"Est. reading time":"1 minute"},"schema":{"@context":"https:\/\/schema.org","@graph":[{"@type":"WebPage","@id":"https:\/\/www.fenetresaltek.ca\/en\/careers\/terrebonne\/directeur-des-ventes\/","url":"https:\/\/www.fenetresaltek.ca\/en\/careers\/terrebonne\/directeur-des-ventes\/","name":"Offre d'emploi - Directeur \/ directrice des ventes - Altek portes et fen\u00eatres","isPartOf":{"@id":"https:\/\/www.fenetresaltek.ca\/en\/#website"},"datePublished":"2024-02-28T19:15:51+00:00","dateModified":"2024-10-21T16:54:23+00:00","description":"Altek \u00e9tant en pleine expansion et acquisition, le r\u00f4le de la personne recherch\u00e9e sera d\u2019uniformiser et de propulser la marque et ses banni\u00e8res comme \u00e9tant un incontournable pour les entrepreneurs.","breadcrumb":{"@id":"https:\/\/www.fenetresaltek.ca\/en\/careers\/terrebonne\/directeur-des-ventes\/#breadcrumb"},"inLanguage":"en-US","potentialAction":[{"@type":"ReadAction","target":["https:\/\/www.fenetresaltek.ca\/en\/careers\/terrebonne\/directeur-des-ventes\/"]}]},{"@type":"BreadcrumbList","@id":"https:\/\/www.fenetresaltek.ca\/en\/careers\/terrebonne\/directeur-des-ventes\/#breadcrumb","itemListElement":[{"@type":"ListItem","position":1,"name":"Accueil","item":"https:\/\/www.fenetresaltek.ca\/en\/accueil-revamp\/"},{"@type":"ListItem","position":2,"name":"Careers","item":"https:\/\/www.fenetresaltek.ca\/en\/careers\/"},{"@type":"ListItem","position":3,"name":"Terrebonne","item":"https:\/\/www.fenetresaltek.ca\/en\/careers\/terrebonne\/"},{"@type":"ListItem","position":4,"name":"Directeur \/ directrice des ventes"}]},{"@type":"WebSite","@id":"https:\/\/www.fenetresaltek.ca\/en\/#website","url":"https:\/\/www.fenetresaltek.ca\/en\/","name":"Altek","description":"","publisher":{"@id":"https:\/\/www.fenetresaltek.ca\/en\/#organization"},"potentialAction":[{"@type":"SearchAction","target":{"@type":"EntryPoint","urlTemplate":"https:\/\/www.fenetresaltek.ca\/en\/?s={search_term_string}"},"query-input":"required name=search_term_string"}],"inLanguage":"en-US"},{"@type":"Organization","@id":"https:\/\/www.fenetresaltek.ca\/en\/#organization","name":"Altek portes et fen\u00eatres","url":"https:\/\/www.fenetresaltek.ca\/en\/","sameAs":[],"logo":{"@type":"ImageObject","inLanguage":"en-US","@id":"https:\/\/www.fenetresaltek.ca\/en\/#\/schema\/logo\/image\/","url":"https:\/\/www.fenetresaltek.ca\/wp-content\/uploads\/2023\/06\/Logo-Altek_Portes-et-fenetres.png","contentUrl":"https:\/\/www.fenetresaltek.ca\/wp-content\/uploads\/2023\/06\/Logo-Altek_Portes-et-fenetres.png","width":1500,"height":750,"caption":"Altek portes et fen\u00eatres"},"image":{"@id":"https:\/\/www.fenetresaltek.ca\/en\/#\/schema\/logo\/image\/"}}]}},"_links":{"self":[{"href":"https:\/\/www.fenetresaltek.ca\/en\/wp-json\/wp\/v2\/pages\/1855"}],"collection":[{"href":"https:\/\/www.fenetresaltek.ca\/en\/wp-json\/wp\/v2\/pages"}],"about":[{"href":"https:\/\/www.fenetresaltek.ca\/en\/wp-json\/wp\/v2\/types\/page"}],"author":[{"embeddable":true,"href":"https:\/\/www.fenetresaltek.ca\/en\/wp-json\/wp\/v2\/users\/2"}],"replies":[{"embeddable":true,"href":"https:\/\/www.fenetresaltek.ca\/en\/wp-json\/wp\/v2\/comments?post=1855"}],"version-history":[{"count":4,"href":"https:\/\/www.fenetresaltek.ca\/en\/wp-json\/wp\/v2\/pages\/1855\/revisions"}],"predecessor-version":[{"id":2449,"href":"https:\/\/www.fenetresaltek.ca\/en\/wp-json\/wp\/v2\/pages\/1855\/revisions\/2449"}],"up":[{"embeddable":true,"href":"https:\/\/www.fenetresaltek.ca\/en\/wp-json\/wp\/v2\/pages\/405"}],"wp:featuredmedia":[{"embeddable":true,"href":"https:\/\/www.fenetresaltek.ca\/en\/wp-json\/wp\/v2\/media\/1799"}],"wp:attachment":[{"href":"https:\/\/www.fenetresaltek.ca\/en\/wp-json\/wp\/v2\/media?parent=1855"}],"wp:term":[{"taxonomy":"category","embeddable":true,"href":"https:\/\/www.fenetresaltek.ca\/en\/wp-json\/wp\/v2\/categories?post=1855"}],"curies":[{"name":"wp","href":"https:\/\/api.w.org\/{rel}","templated":true}]}}